{"id":3192,"date":"2019-10-16T09:37:30","date_gmt":"2019-10-16T07:37:30","guid":{"rendered":"https:\/\/solda.pixeladas.com.es\/?page_id=3192"},"modified":"2024-10-03T20:05:47","modified_gmt":"2024-10-03T18:05:47","slug":"privacidad-y-politica-de-cookies","status":"publish","type":"page","link":"https:\/\/www.soldagrav.com\/ca\/privacidad-y-politica-de-cookies\/","title":{"rendered":"PRIVACITAT I POL\u00cdTICA DE COOKIES"},"content":{"rendered":"\n<p>Quant a la pol\u00edtica de cookies de la web, en cas que la p\u00e0gina web en disposi i aquestes no siguin inherents al funcionament de la WEB o com aix\u00ed refereix l'esmentat apartat 2 de l'article 22 <strong>LSSI<\/strong> <em>\u201cal sol fi d'efectuar la web transmissi\u00f3 d'una comunicaci\u00f3 per una xarxa de comunicacions electr\u00f2nica\u201d:<\/em><\/p>\n\n<p><em>Una galeta \u00e9s un fitxer d'informaci\u00f3 que el servidor d'aquest lloc web envia al dispositiu (ordinador, smartphone, tablet, etc.) de qui accedeix a la p\u00e0gina per emmagatzemar i recuperar informaci\u00f3 sobre la navegaci\u00f3 que s'efectua des d'aquest equip.<\/em><\/p>\n\n<p><em>Soldagrav, SL<\/em> <em>utilitza diversos tipus de galetes<\/em> <em>(t\u00e8cniques, anal\u00edtiques i socials) \u00fanicament amb la finalitat de millorar la navegaci\u00f3 de l'usuari al lloc web, sense cap tipus d'objecte publicitari o similar.<\/em><\/p>\n\n<p><em>Soldagrav, SL<\/em> ,  <em>a trav\u00e9s de les cookies no recull cap dada personal. Totes les galetes, llevat de les utilitzades pel sistema d'estad\u00edstiques Google Analytics, s\u00f3n temporals i desapareixen en concloure la sessi\u00f3. <\/em><\/p>\n\n<p><em>Soldagrav, SL<\/em> <em>utilitza en aquest lloc web les galetes<\/em> <em>que es detallen a continuaci\u00f3:<\/em><\/p>\n\n<table class=\"wp-block-table\"><tbody><tr><td>\n  Tipus  <\/td><td>\n  Caducitat  <\/td><td>\n  Finalitat  <\/td><td>\n  Pr\u00f2pies\/Tercers  <\/td><\/tr><tr><td>\n  \u00a0\n  <\/td><td>\n  \u00a0\n  <\/td><td>\n  \u00a0\n  <\/td><td>\n  \u00a0\n  <\/td><\/tr><tr><td>\n  \u00a0\n  <\/td><td>\n  \u00a0\n  <\/td><td>\n  \u00a0\n  <\/td><td>\n  \u00a0\n  <\/td><\/tr><\/tbody><\/table>\n\n<p><em>L'usuari podr\u00e0, en qualsevol moment, triar quines galetes vol que funcionin en aquest lloc web mitjan\u00e7ant:<\/em><\/p>\n\n<p><em>a) La configuraci\u00f3 del <strong>navegador<\/strong> ; (indicar enlla\u00e7 a cada navegador per habilitar o deshabilitar cookies)<\/em><\/p>\n\n<p><em>b) Eines de tercers, disponibles on line, que permeten als usuaris detectar les galetes a cada lloc web que visita i gestionar-ne la desactivaci\u00f3.<\/em><\/p>\n\n<p><em>Ni aquesta web, ni els seus representants legals es fan responsables ni del contingut ni de la veracitat de les pol\u00edtiques de privadesa que puguin tenir els tercers esmentats en aquesta pol\u00edtica de cookies.<\/em><\/p>\n\n<p><em>L'acceptaci\u00f3 de la present pol\u00edtica implica que l'usuari ha estat informat d'una manera clara i completa sobre l'\u00fas de dispositius d'emmagatzematge i recuperaci\u00f3 de dades (cookies) aix\u00ed com que Soldagrav, SL disposa del consentiment de l'usuari per utilitzar-les tal com estableix larticle 22 de la Llei 34\/2002, de 11 de juliol, de Serveis de la Societat de la Informaci\u00f3 i Comer\u00e7 Electr\u00f2nic (LSSI-CE).<\/em><\/p>\n","protected":false},"excerpt":{"rendered":"<p>Quant a la pol\u00edtica de cookies de la web, en cas que la p\u00e0gina web en disposi i aquestes no siguin inherents al funcionament de la WEB o com aix\u00ed refereix l'esmentat apartat 2 de l'article 22 LSSI \u201cal sol fi d'efectuar la web transmissi\u00f3 d'una comunicaci\u00f3 per una xarxa de comunicacions electr\u00f2nica\u201d: Una galeta [&hellip;]<\/p>\n","protected":false},"author":1,"featured_media":0,"parent":0,"menu_order":0,"comment_status":"open","ping_status":"closed","template":"","meta":{"_acf_changed":false,"rank_math_lock_modified_date":false,"footnotes":""},"acf":[],"_links":{"self":[{"href":"https:\/\/www.soldagrav.com\/ca\/wp-json\/wp\/v2\/pages\/3192"}],"collection":[{"href":"https:\/\/www.soldagrav.com\/ca\/wp-json\/wp\/v2\/pages"}],"about":[{"href":"https:\/\/www.soldagrav.com\/ca\/wp-json\/wp\/v2\/types\/page"}],"author":[{"embeddable":true,"href":"https:\/\/www.soldagrav.com\/ca\/wp-json\/wp\/v2\/users\/1"}],"replies":[{"embeddable":true,"href":"https:\/\/www.soldagrav.com\/ca\/wp-json\/wp\/v2\/comments?post=3192"}],"version-history":[{"count":3,"href":"https:\/\/www.soldagrav.com\/ca\/wp-json\/wp\/v2\/pages\/3192\/revisions"}],"predecessor-version":[{"id":3232,"href":"https:\/\/www.soldagrav.com\/ca\/wp-json\/wp\/v2\/pages\/3192\/revisions\/3232"}],"wp:attachment":[{"href":"https:\/\/www.soldagrav.com\/ca\/wp-json\/wp\/v2\/media?parent=3192"}],"curies":[{"name":"wp","href":"https:\/\/api.w.org\/{rel}","templated":true}]}}